{"id":365,"date":"2020-02-24T15:19:51","date_gmt":"2020-02-24T15:19:51","guid":{"rendered":"https:\/\/bambus-mosaik.de\/?page_id=365"},"modified":"2020-02-25T08:07:19","modified_gmt":"2020-02-25T08:07:19","slug":"bambus-rohre","status":"publish","type":"page","link":"https:\/\/bambus-mosaik.de\/index.php\/bambus-rohre\/","title":{"rendered":"Bambus-Rohre Bambus-Stangen"},"content":{"rendered":"\t\t<div data-elementor-type=\"wp-post\" data-elementor-id=\"365\" class=\"elementor elementor-365\" data-elementor-post-type=\"page\">\n\t\t\t\t\t\t<section class=\"elementor-section elementor-top-section elementor-element elementor-element-6ab71557 elementor-section-content-middle elementor-reverse-mobile elementor-section-stretched elementor-section-full_width elementor-section-height-default elementor-section-height-default\" data-id=\"6ab71557\" data-element_type=\"section\" data-e-type=\"section\" data-settings=\"{&quot;background_background&quot;:&quot;classic&quot;,&quot;stretch_section&quot;:&quot;section-stretched&quot;}\">\n\t\t\t\t\t\t<div class=\"elementor-container elementor-column-gap-no\">\n\t\t\t\t\t<div class=\"elementor-column elementor-col-50 elementor-top-column elementor-element elementor-element-6ab188c\" data-id=\"6ab188c\" data-element_type=\"column\" data-e-type=\"column\">\n\t\t\t<div class=\"elementor-widget-wrap elementor-element-populated\">\n\t\t\t\t\t\t<section class=\"elementor-section elementor-inner-section elementor-element elementor-element-57aa7712 elementor-section-boxed elementor-section-height-default elementor-section-height-default\" data-id=\"57aa7712\" data-element_type=\"section\" data-e-type=\"section\">\n\t\t\t\t\t\t<div class=\"elementor-container elementor-column-gap-default\">\n\t\t\t\t\t<div class=\"elementor-column elementor-col-66 elementor-inner-column elementor-element elementor-element-4d89eef6\" data-id=\"4d89eef6\" data-element_type=\"column\" data-e-type=\"column\">\n\t\t\t<div class=\"elementor-widget-wrap elementor-element-populated\">\n\t\t\t\t\t\t<div class=\"elementor-element elementor-element-609d7191 elementor-widget elementor-widget-image\" data-id=\"609d7191\" data-element_type=\"widget\" data-e-type=\"widget\" data-widget_type=\"image.default\">\n\t\t\t\t<div class=\"elementor-widget-container\">\n\t\t\t\t\t\t\t\t\t\t\t\t<figure class=\"wp-caption\">\n\t\t\t\t\t\t\t\t\t\t\t<a href=\"https:\/\/www.stein-mosaik.de\/mosaikfliesen-bambus\/\">\n\t\t\t\t\t\t\t<img decoding=\"async\" src=\"https:\/\/bambus-mosaik.de\/wp-content\/uploads\/2020\/02\/bambusrohre_1.jpg\" title=\"bambusrohre_bambusstangen_bambusst\u00e4be_bambus-import\" alt=\"bambusrohre_bambusstangen_bambusst\u00e4be_bambus-import\" loading=\"lazy\" \/>\t\t\t\t\t\t\t\t<\/a>\n\t\t\t\t\t\t\t\t\t\t\t<figcaption class=\"widget-image-caption wp-caption-text\">bambusrohre_bambusstangen_bambusst\u00e4be_bambus-import<\/figcaption>\n\t\t\t\t\t\t\t\t\t\t<\/figure>\n\t\t\t\t\t\t\t\t\t<\/div>\n\t\t\t\t<\/div>\n\t\t\t\t\t<\/div>\n\t\t<\/div>\n\t\t\t\t<div class=\"elementor-column elementor-col-33 elementor-inner-column elementor-element elementor-element-7e165840\" data-id=\"7e165840\" data-element_type=\"column\" data-e-type=\"column\">\n\t\t\t<div class=\"elementor-widget-wrap\">\n\t\t\t\t\t\t\t<\/div>\n\t\t<\/div>\n\t\t\t\t\t<\/div>\n\t\t<\/section>\n\t\t\t\t<section class=\"elementor-section elementor-inner-section elementor-element elementor-element-6ad03d24 elementor-section-boxed elementor-section-height-default elementor-section-height-default\" data-id=\"6ad03d24\" data-element_type=\"section\" data-e-type=\"section\">\n\t\t\t\t\t\t<div class=\"elementor-container elementor-column-gap-default\">\n\t\t\t\t\t<div class=\"elementor-column elementor-col-50 elementor-inner-column elementor-element elementor-element-3c7abc0b\" data-id=\"3c7abc0b\" data-element_type=\"column\" data-e-type=\"column\">\n\t\t\t<div class=\"elementor-widget-wrap elementor-element-populated\">\n\t\t\t\t\t\t<div class=\"elementor-element elementor-element-5adb52aa elementor-widget elementor-widget-image\" data-id=\"5adb52aa\" data-element_type=\"widget\" data-e-type=\"widget\" data-widget_type=\"image.default\">\n\t\t\t\t<div class=\"elementor-widget-container\">\n\t\t\t\t\t\t\t\t\t\t\t\t<figure class=\"wp-caption\">\n\t\t\t\t\t\t\t\t\t\t\t<a href=\"https:\/\/bambus-mosaik.de\/index.php\/bambus-rohre\/b-001\/\">\n\t\t\t\t\t\t\t<img fetchpriority=\"high\" decoding=\"async\" width=\"800\" height=\"798\" src=\"https:\/\/bambus-mosaik.de\/wp-content\/uploads\/2020\/02\/bambus_stangen_b-001-1024x1021.jpg\" class=\"attachment-large size-large wp-image-367\" alt=\"bambusstangen_bambus-rohre_bambusstange\" srcset=\"https:\/\/bambus-mosaik.de\/wp-content\/uploads\/2020\/02\/bambus_stangen_b-001-1024x1021.jpg 1024w, https:\/\/bambus-mosaik.de\/wp-content\/uploads\/2020\/02\/bambus_stangen_b-001-300x300.jpg 300w, https:\/\/bambus-mosaik.de\/wp-content\/uploads\/2020\/02\/bambus_stangen_b-001-150x150.jpg 150w, https:\/\/bambus-mosaik.de\/wp-content\/uploads\/2020\/02\/bambus_stangen_b-001-768x766.jpg 768w, https:\/\/bambus-mosaik.de\/wp-content\/uploads\/2020\/02\/bambus_stangen_b-001-1536x1532.jpg 1536w, https:\/\/bambus-mosaik.de\/wp-content\/uploads\/2020\/02\/bambus_stangen_b-001-1568x1564.jpg 1568w, https:\/\/bambus-mosaik.de\/wp-content\/uploads\/2020\/02\/bambus_stangen_b-001.jpg 1600w\" sizes=\"(max-width: 800px) 100vw, 800px\" \/>\t\t\t\t\t\t\t\t<\/a>\n\t\t\t\t\t\t\t\t\t\t\t<figcaption class=\"widget-image-caption wp-caption-text\">B-001<\/figcaption>\n\t\t\t\t\t\t\t\t\t\t<\/figure>\n\t\t\t\t\t\t\t\t\t<\/div>\n\t\t\t\t<\/div>\n\t\t\t\t<div class=\"elementor-element elementor-element-0cd427a elementor-widget elementor-widget-heading\" data-id=\"0cd427a\" data-element_type=\"widget\" data-e-type=\"widget\" data-widget_type=\"heading.default\">\n\t\t\t\t<div class=\"elementor-widget-container\">\n\t\t\t\t\t<h3 class=\"elementor-heading-title elementor-size-default\">F\u00fcr mehr Informationen bitte auf das Bild klicken<\/h3>\t\t\t\t<\/div>\n\t\t\t\t<\/div>\n\t\t\t\t\t<\/div>\n\t\t<\/div>\n\t\t\t\t<div class=\"elementor-column elementor-col-50 elementor-inner-column elementor-element elementor-element-3f7002f4\" data-id=\"3f7002f4\" data-element_type=\"column\" data-e-type=\"column\">\n\t\t\t<div class=\"elementor-widget-wrap elementor-element-populated\">\n\t\t\t\t\t\t<div class=\"elementor-element elementor-element-18627249 elementor-widget elementor-widget-image\" data-id=\"18627249\" data-element_type=\"widget\" data-e-type=\"widget\" data-widget_type=\"image.default\">\n\t\t\t\t<div class=\"elementor-widget-container\">\n\t\t\t\t\t\t\t\t\t\t\t\t<figure class=\"wp-caption\">\n\t\t\t\t\t\t\t\t\t\t\t<a href=\"https:\/\/bambus-mosaik.de\/index.php\/b-002\/\">\n\t\t\t\t\t\t\t<img decoding=\"async\" width=\"800\" height=\"798\" src=\"https:\/\/bambus-mosaik.de\/wp-content\/uploads\/2020\/02\/bambus-rohr-4.1-1024x1021.jpg\" class=\"attachment-large size-large wp-image-375\" alt=\"bambus_bambus-rohr_bambus-stab_bambus-rohre\" srcset=\"https:\/\/bambus-mosaik.de\/wp-content\/uploads\/2020\/02\/bambus-rohr-4.1-1024x1021.jpg 1024w, https:\/\/bambus-mosaik.de\/wp-content\/uploads\/2020\/02\/bambus-rohr-4.1-300x300.jpg 300w, https:\/\/bambus-mosaik.de\/wp-content\/uploads\/2020\/02\/bambus-rohr-4.1-150x150.jpg 150w, https:\/\/bambus-mosaik.de\/wp-content\/uploads\/2020\/02\/bambus-rohr-4.1-768x766.jpg 768w, https:\/\/bambus-mosaik.de\/wp-content\/uploads\/2020\/02\/bambus-rohr-4.1-1536x1532.jpg 1536w, https:\/\/bambus-mosaik.de\/wp-content\/uploads\/2020\/02\/bambus-rohr-4.1-1568x1564.jpg 1568w, https:\/\/bambus-mosaik.de\/wp-content\/uploads\/2020\/02\/bambus-rohr-4.1.jpg 1600w\" sizes=\"(max-width: 800px) 100vw, 800px\" \/>\t\t\t\t\t\t\t\t<\/a>\n\t\t\t\t\t\t\t\t\t\t\t<figcaption class=\"widget-image-caption wp-caption-text\">B-002<\/figcaption>\n\t\t\t\t\t\t\t\t\t\t<\/figure>\n\t\t\t\t\t\t\t\t\t<\/div>\n\t\t\t\t<\/div>\n\t\t\t\t<div class=\"elementor-element elementor-element-f7a0e01 elementor-widget elementor-widget-heading\" data-id=\"f7a0e01\" data-element_type=\"widget\" data-e-type=\"widget\" data-widget_type=\"heading.default\">\n\t\t\t\t<div class=\"elementor-widget-container\">\n\t\t\t\t\t<h3 class=\"elementor-heading-title elementor-size-default\">F\u00fcr mehr Informationen bitte auf das Bild klicken<\/h3>\t\t\t\t<\/div>\n\t\t\t\t<\/div>\n\t\t\t\t\t<\/div>\n\t\t<\/div>\n\t\t\t\t\t<\/div>\n\t\t<\/section>\n\t\t\t\t\t<\/div>\n\t\t<\/div>\n\t\t\t\t<div class=\"elementor-column elementor-col-50 elementor-top-column elementor-element elementor-element-74bb40cb\" data-id=\"74bb40cb\" data-element_type=\"column\" data-e-type=\"column\">\n\t\t\t<div class=\"elementor-widget-wrap elementor-element-populated\">\n\t\t\t\t\t\t<div class=\"elementor-element elementor-element-24d066dd elementor-widget elementor-widget-heading\" data-id=\"24d066dd\" data-element_type=\"widget\" data-e-type=\"widget\" data-widget_type=\"heading.default\">\n\t\t\t\t<div class=\"elementor-widget-container\">\n\t\t\t\t\t<h1 class=\"elementor-heading-title elementor-size-default\">Bambus-Rohre Bambus-St\u00e4be Bambus-design<\/h1>\t\t\t\t<\/div>\n\t\t\t\t<\/div>\n\t\t\t\t<div class=\"elementor-element elementor-element-6383b4e9 elementor-widget elementor-widget-text-editor\" data-id=\"6383b4e9\" data-element_type=\"widget\" data-e-type=\"widget\" data-widget_type=\"text-editor.default\">\n\t\t\t\t<div class=\"elementor-widget-container\">\n\t\t\t\t\t\t\t\t\t<p>Bambus-Stangen<\/p><p>Bambus Stangen sind ein viel einsetzbares Material. F\u00fcr den Innen- und Au\u00dfenbereich einsetzbar, ist Bambus ein universeller Werkstoff f\u00fcr Innenarchitekten, Ladenbauer, Garten-Landschaftsarchitekten sowie f\u00fcr den privaten Verwender. <\/p><p>Bambus erzeugt deutlich mehr Sauerstoff als B\u00e4ume und produziert etwa vierzehn Mal soviel Holz als Fichten und Tannenh\u00f6lzer-<\/p><p><strong>Da Stein-mosaik.de ein weltweites Netz von Zulieferern aufgebaut hat und wir unsere Waren selbst importieren, k\u00f6nnen wir zudem diese g\u00fcnstigen Konditionen anbieten. <\/strong><\/p><p><strong>\u2013 Fliesen Lager Verkauf Stein-mosaik.de Herne NRW \u2013<\/strong><\/p><p><strong>Sie k\u00f6nnen die Bambus Mosaikfliesen im Lager Herne kaufen und abholen \u2013<\/strong><strong>\u00a0<\/strong><span style=\"color: #ff0000;\"><strong>Verkauf, Abholung und Besichtigung: Gewerkenstr. 11, 44628 Herne, Montag \u2013 Samstag zwischen 10 \u2013 13 Uhr, Tel. 02323 944425.<\/strong><\/span><\/p><p>Weiteres an Naturstein, Kieselsteinfliesen, Schiefer, Travertin, Quarzit, Limestone, Marmor, Jade, Onyx, usw. in unserem Onlineshop <strong><a href=\"http:\/\/www.stein-mosaik.de\">www.stein-mosaik.de<\/a><\/strong><\/p><table class=\"attributes\" width=\"100%\"><tbody><tr><td id=\"test_attrTitle_1\">\u00a0<\/td><td id=\"test_attrValue_1\">\u00a0<\/td><\/tr><tr><td id=\"test_attrTitle_2\">\u00a0<\/td><td id=\"test_attrValue_2\">\u00a0<\/td><\/tr><tr><td id=\"test_attrTitle_3\">\u00a0<\/td><td id=\"test_attrValue_3\">\u00a0<\/td><\/tr><tr><td id=\"test_attrTitle_4\">\u00a0<\/td><td id=\"test_attrValue_4\">\u00a0<\/td><\/tr><tr><td id=\"test_attrTitle_5\">\u00a0<\/td><td id=\"test_attrValue_5\">\u00a0<\/td><\/tr><tr><td id=\"test_attrTitle_6\">\u00a0<\/td><td id=\"test_attrValue_6\">\u00a0<\/td><\/tr><tr><td id=\"test_attrTitle_7\">\u00a0<\/td><td id=\"test_attrValue_7\">\u00a0<\/td><\/tr><tr class=\"last\"><td id=\"test_attrTitle_8\">\u00a0<\/td><td id=\"test_attrValue_8\">\u00a0<\/td><\/tr><\/tbody><\/table>\t\t\t\t\t\t\t\t<\/div>\n\t\t\t\t<\/div>\n\t\t\t\t\t<\/div>\n\t\t<\/div>\n\t\t\t\t\t<\/div>\n\t\t<\/section>\n\t\t\t\t<\/div>\n\t\t","protected":false},"excerpt":{"rendered":"<p>bambusrohre_bambusstangen_bambusst\u00e4be_bambus-import B-001 F\u00fcr mehr Informationen bitte auf das Bild klicken B-002 F\u00fcr mehr Informationen bitte auf das Bild klicken Bambus-Rohre Bambus-St\u00e4be Bambus-design Bambus-Stangen Bambus Stangen sind ein viel einsetzbares Material. F\u00fcr den Innen- und Au\u00dfenbereich einsetzbar, ist Bambus ein universeller Werkstoff f\u00fcr Innenarchitekten, Ladenbauer, Garten-Landschaftsarchitekten sowie f\u00fcr den privaten Verwender. Bambus erzeugt deutlich mehr Sauerstoff [&hellip;]<\/p>\n","protected":false},"author":1,"featured_media":361,"parent":0,"menu_order":0,"comment_status":"closed","ping_status":"closed","template":"elementor_header_footer","meta":{"footnotes":""},"class_list":["post-365","page","type-page","status-publish","has-post-thumbnail","hentry"],"yoast_head":"<!-- This site is optimized with the Yoast SEO plugin v27.4 - https:\/\/yoast.com\/product\/yoast-seo-wordpress\/ -->\n<title>Bambus-Rohre Bambus-Stangen - bambus-mosaik.de<\/title>\n<meta name=\"robots\" content=\"index, follow, max-snippet:-1, max-image-preview:large, max-video-preview:-1\" \/>\n<link rel=\"canonical\" href=\"https:\/\/bambus-mosaik.de\/index.php\/bambus-rohre\/\" \/>\n<meta property=\"og:locale\" content=\"de_DE\" \/>\n<meta property=\"og:type\" content=\"article\" \/>\n<meta property=\"og:title\" content=\"Bambus-Rohre Bambus-Stangen - bambus-mosaik.de\" \/>\n<meta property=\"og:description\" content=\"bambusrohre_bambusstangen_bambusst\u00e4be_bambus-import B-001 F\u00fcr mehr Informationen bitte auf das Bild klicken B-002 F\u00fcr mehr Informationen bitte auf das Bild klicken Bambus-Rohre Bambus-St\u00e4be Bambus-design Bambus-Stangen Bambus Stangen sind ein viel einsetzbares Material. F\u00fcr den Innen- und Au\u00dfenbereich einsetzbar, ist Bambus ein universeller Werkstoff f\u00fcr Innenarchitekten, Ladenbauer, Garten-Landschaftsarchitekten sowie f\u00fcr den privaten Verwender. Bambus erzeugt deutlich mehr Sauerstoff [&hellip;]\" \/>\n<meta property=\"og:url\" content=\"https:\/\/bambus-mosaik.de\/index.php\/bambus-rohre\/\" \/>\n<meta property=\"og:site_name\" content=\"bambus-mosaik.de\" \/>\n<meta property=\"article:modified_time\" content=\"2020-02-25T08:07:19+00:00\" \/>\n<meta property=\"og:image\" content=\"https:\/\/bambus-mosaik.de\/wp-content\/uploads\/2020\/02\/Bambus-braungelb-palette.jpg\" \/>\n\t<meta property=\"og:image:width\" content=\"1800\" \/>\n\t<meta property=\"og:image:height\" content=\"1761\" \/>\n\t<meta property=\"og:image:type\" content=\"image\/jpeg\" \/>\n<meta name=\"twitter:card\" content=\"summary_large_image\" \/>\n<meta name=\"twitter:label1\" content=\"Gesch\u00e4tzte Lesezeit\" \/>\n\t<meta name=\"twitter:data1\" content=\"1\u00a0Minute\" \/>\n<script type=\"application\/ld+json\" class=\"yoast-schema-graph\">{\"@context\":\"https:\\\/\\\/schema.org\",\"@graph\":[{\"@type\":\"WebPage\",\"@id\":\"https:\\\/\\\/bambus-mosaik.de\\\/index.php\\\/bambus-rohre\\\/\",\"url\":\"https:\\\/\\\/bambus-mosaik.de\\\/index.php\\\/bambus-rohre\\\/\",\"name\":\"Bambus-Rohre Bambus-Stangen - bambus-mosaik.de\",\"isPartOf\":{\"@id\":\"https:\\\/\\\/bambus-mosaik.de\\\/#website\"},\"primaryImageOfPage\":{\"@id\":\"https:\\\/\\\/bambus-mosaik.de\\\/index.php\\\/bambus-rohre\\\/#primaryimage\"},\"image\":{\"@id\":\"https:\\\/\\\/bambus-mosaik.de\\\/index.php\\\/bambus-rohre\\\/#primaryimage\"},\"thumbnailUrl\":\"https:\\\/\\\/bambus-mosaik.de\\\/wp-content\\\/uploads\\\/2020\\\/02\\\/Bambus-braungelb-palette.jpg\",\"datePublished\":\"2020-02-24T15:19:51+00:00\",\"dateModified\":\"2020-02-25T08:07:19+00:00\",\"breadcrumb\":{\"@id\":\"https:\\\/\\\/bambus-mosaik.de\\\/index.php\\\/bambus-rohre\\\/#breadcrumb\"},\"inLanguage\":\"de\",\"potentialAction\":[{\"@type\":\"ReadAction\",\"target\":[\"https:\\\/\\\/bambus-mosaik.de\\\/index.php\\\/bambus-rohre\\\/\"]}]},{\"@type\":\"ImageObject\",\"inLanguage\":\"de\",\"@id\":\"https:\\\/\\\/bambus-mosaik.de\\\/index.php\\\/bambus-rohre\\\/#primaryimage\",\"url\":\"https:\\\/\\\/bambus-mosaik.de\\\/wp-content\\\/uploads\\\/2020\\\/02\\\/Bambus-braungelb-palette.jpg\",\"contentUrl\":\"https:\\\/\\\/bambus-mosaik.de\\\/wp-content\\\/uploads\\\/2020\\\/02\\\/Bambus-braungelb-palette.jpg\",\"width\":1800,\"height\":1761,\"caption\":\"- bambusrohre_bambusstangen_bambusst\u00e4be_bambus-import_bambuszaun -\"},{\"@type\":\"BreadcrumbList\",\"@id\":\"https:\\\/\\\/bambus-mosaik.de\\\/index.php\\\/bambus-rohre\\\/#breadcrumb\",\"itemListElement\":[{\"@type\":\"ListItem\",\"position\":1,\"name\":\"Home\",\"item\":\"https:\\\/\\\/bambus-mosaik.de\\\/\"},{\"@type\":\"ListItem\",\"position\":2,\"name\":\"Bambus-Rohre Bambus-Stangen\"}]},{\"@type\":\"WebSite\",\"@id\":\"https:\\\/\\\/bambus-mosaik.de\\\/#website\",\"url\":\"https:\\\/\\\/bambus-mosaik.de\\\/\",\"name\":\"bambus-mosaik.de\",\"description\":\"\",\"potentialAction\":[{\"@type\":\"SearchAction\",\"target\":{\"@type\":\"EntryPoint\",\"urlTemplate\":\"https:\\\/\\\/bambus-mosaik.de\\\/?s={search_term_string}\"},\"query-input\":{\"@type\":\"PropertyValueSpecification\",\"valueRequired\":true,\"valueName\":\"search_term_string\"}}],\"inLanguage\":\"de\"}]}<\/script>\n<!-- \/ Yoast SEO plugin. -->","yoast_head_json":{"title":"Bambus-Rohre Bambus-Stangen - bambus-mosaik.de","robots":{"index":"index","follow":"follow","max-snippet":"max-snippet:-1","max-image-preview":"max-image-preview:large","max-video-preview":"max-video-preview:-1"},"canonical":"https:\/\/bambus-mosaik.de\/index.php\/bambus-rohre\/","og_locale":"de_DE","og_type":"article","og_title":"Bambus-Rohre Bambus-Stangen - bambus-mosaik.de","og_description":"bambusrohre_bambusstangen_bambusst\u00e4be_bambus-import B-001 F\u00fcr mehr Informationen bitte auf das Bild klicken B-002 F\u00fcr mehr Informationen bitte auf das Bild klicken Bambus-Rohre Bambus-St\u00e4be Bambus-design Bambus-Stangen Bambus Stangen sind ein viel einsetzbares Material. F\u00fcr den Innen- und Au\u00dfenbereich einsetzbar, ist Bambus ein universeller Werkstoff f\u00fcr Innenarchitekten, Ladenbauer, Garten-Landschaftsarchitekten sowie f\u00fcr den privaten Verwender. Bambus erzeugt deutlich mehr Sauerstoff [&hellip;]","og_url":"https:\/\/bambus-mosaik.de\/index.php\/bambus-rohre\/","og_site_name":"bambus-mosaik.de","article_modified_time":"2020-02-25T08:07:19+00:00","og_image":[{"width":1800,"height":1761,"url":"https:\/\/bambus-mosaik.de\/wp-content\/uploads\/2020\/02\/Bambus-braungelb-palette.jpg","type":"image\/jpeg"}],"twitter_card":"summary_large_image","twitter_misc":{"Gesch\u00e4tzte Lesezeit":"1\u00a0Minute"},"schema":{"@context":"https:\/\/schema.org","@graph":[{"@type":"WebPage","@id":"https:\/\/bambus-mosaik.de\/index.php\/bambus-rohre\/","url":"https:\/\/bambus-mosaik.de\/index.php\/bambus-rohre\/","name":"Bambus-Rohre Bambus-Stangen - bambus-mosaik.de","isPartOf":{"@id":"https:\/\/bambus-mosaik.de\/#website"},"primaryImageOfPage":{"@id":"https:\/\/bambus-mosaik.de\/index.php\/bambus-rohre\/#primaryimage"},"image":{"@id":"https:\/\/bambus-mosaik.de\/index.php\/bambus-rohre\/#primaryimage"},"thumbnailUrl":"https:\/\/bambus-mosaik.de\/wp-content\/uploads\/2020\/02\/Bambus-braungelb-palette.jpg","datePublished":"2020-02-24T15:19:51+00:00","dateModified":"2020-02-25T08:07:19+00:00","breadcrumb":{"@id":"https:\/\/bambus-mosaik.de\/index.php\/bambus-rohre\/#breadcrumb"},"inLanguage":"de","potentialAction":[{"@type":"ReadAction","target":["https:\/\/bambus-mosaik.de\/index.php\/bambus-rohre\/"]}]},{"@type":"ImageObject","inLanguage":"de","@id":"https:\/\/bambus-mosaik.de\/index.php\/bambus-rohre\/#primaryimage","url":"https:\/\/bambus-mosaik.de\/wp-content\/uploads\/2020\/02\/Bambus-braungelb-palette.jpg","contentUrl":"https:\/\/bambus-mosaik.de\/wp-content\/uploads\/2020\/02\/Bambus-braungelb-palette.jpg","width":1800,"height":1761,"caption":"- bambusrohre_bambusstangen_bambusst\u00e4be_bambus-import_bambuszaun -"},{"@type":"BreadcrumbList","@id":"https:\/\/bambus-mosaik.de\/index.php\/bambus-rohre\/#breadcrumb","itemListElement":[{"@type":"ListItem","position":1,"name":"Home","item":"https:\/\/bambus-mosaik.de\/"},{"@type":"ListItem","position":2,"name":"Bambus-Rohre Bambus-Stangen"}]},{"@type":"WebSite","@id":"https:\/\/bambus-mosaik.de\/#website","url":"https:\/\/bambus-mosaik.de\/","name":"bambus-mosaik.de","description":"","potentialAction":[{"@type":"SearchAction","target":{"@type":"EntryPoint","urlTemplate":"https:\/\/bambus-mosaik.de\/?s={search_term_string}"},"query-input":{"@type":"PropertyValueSpecification","valueRequired":true,"valueName":"search_term_string"}}],"inLanguage":"de"}]}},"_links":{"self":[{"href":"https:\/\/bambus-mosaik.de\/index.php\/wp-json\/wp\/v2\/pages\/365","targetHints":{"allow":["GET"]}}],"collection":[{"href":"https:\/\/bambus-mosaik.de\/index.php\/wp-json\/wp\/v2\/pages"}],"about":[{"href":"https:\/\/bambus-mosaik.de\/index.php\/wp-json\/wp\/v2\/types\/page"}],"author":[{"embeddable":true,"href":"https:\/\/bambus-mosaik.de\/index.php\/wp-json\/wp\/v2\/users\/1"}],"replies":[{"embeddable":true,"href":"https:\/\/bambus-mosaik.de\/index.php\/wp-json\/wp\/v2\/comments?post=365"}],"version-history":[{"count":8,"href":"https:\/\/bambus-mosaik.de\/index.php\/wp-json\/wp\/v2\/pages\/365\/revisions"}],"predecessor-version":[{"id":406,"href":"https:\/\/bambus-mosaik.de\/index.php\/wp-json\/wp\/v2\/pages\/365\/revisions\/406"}],"wp:featuredmedia":[{"embeddable":true,"href":"https:\/\/bambus-mosaik.de\/index.php\/wp-json\/wp\/v2\/media\/361"}],"wp:attachment":[{"href":"https:\/\/bambus-mosaik.de\/index.php\/wp-json\/wp\/v2\/media?parent=365"}],"curies":[{"name":"wp","href":"https:\/\/api.w.org\/{rel}","templated":true}]}}