{"id":381,"date":"2020-02-24T15:58:09","date_gmt":"2020-02-24T15:58:09","guid":{"rendered":"https:\/\/bambus-mosaik.de\/?page_id=381"},"modified":"2020-02-25T07:40:03","modified_gmt":"2020-02-25T07:40:03","slug":"b-001","status":"publish","type":"page","link":"https:\/\/bambus-mosaik.de\/index.php\/bambus-rohre\/b-001\/","title":{"rendered":"B-001"},"content":{"rendered":"\t\t<div data-elementor-type=\"wp-page\" data-elementor-id=\"381\" class=\"elementor elementor-381\" data-elementor-post-type=\"page\">\n\t\t\t\t\t\t<section class=\"elementor-section elementor-top-section elementor-element elementor-element-549dd672 elementor-section-content-middle elementor-reverse-mobile elementor-section-stretched elementor-section-full_width elementor-section-height-default elementor-section-height-default\" data-id=\"549dd672\" data-element_type=\"section\" data-e-type=\"section\" data-settings=\"{&quot;background_background&quot;:&quot;classic&quot;,&quot;stretch_section&quot;:&quot;section-stretched&quot;}\">\n\t\t\t\t\t\t<div class=\"elementor-container elementor-column-gap-no\">\n\t\t\t\t\t<div class=\"elementor-column elementor-col-50 elementor-top-column elementor-element elementor-element-b5df787\" data-id=\"b5df787\" data-element_type=\"column\" data-e-type=\"column\">\n\t\t\t<div class=\"elementor-widget-wrap elementor-element-populated\">\n\t\t\t\t\t\t<section class=\"elementor-section elementor-inner-section elementor-element elementor-element-3b39248a elementor-section-boxed elementor-section-height-default elementor-section-height-default\" data-id=\"3b39248a\" data-element_type=\"section\" data-e-type=\"section\">\n\t\t\t\t\t\t<div class=\"elementor-container elementor-column-gap-default\">\n\t\t\t\t\t<div class=\"elementor-column elementor-col-66 elementor-inner-column elementor-element elementor-element-6da8eaca\" data-id=\"6da8eaca\" data-element_type=\"column\" data-e-type=\"column\">\n\t\t\t<div class=\"elementor-widget-wrap elementor-element-populated\">\n\t\t\t\t\t\t<div class=\"elementor-element elementor-element-de64f42 elementor-widget elementor-widget-image\" data-id=\"de64f42\" data-element_type=\"widget\" data-e-type=\"widget\" data-widget_type=\"image.default\">\n\t\t\t\t<div class=\"elementor-widget-container\">\n\t\t\t\t\t\t\t\t\t\t\t\t<figure class=\"wp-caption\">\n\t\t\t\t\t\t\t\t\t\t\t<a href=\"https:\/\/www.stein-mosaik.de\/mosaikfliesen-bambus\/\">\n\t\t\t\t\t\t\t<img decoding=\"async\" src=\"https:\/\/bambus-mosaik.de\/wp-content\/uploads\/2020\/02\/bambus_stangen_b-001.jpg\" title=\"bambusstangen_bambus-rohre_bambusstange\" alt=\"bambusstangen_bambus-rohre_bambusstange\" loading=\"lazy\" \/>\t\t\t\t\t\t\t\t<\/a>\n\t\t\t\t\t\t\t\t\t\t\t<figcaption class=\"widget-image-caption wp-caption-text\">bambusstangen_bambus-rohre_bambusstange<\/figcaption>\n\t\t\t\t\t\t\t\t\t\t<\/figure>\n\t\t\t\t\t\t\t\t\t<\/div>\n\t\t\t\t<\/div>\n\t\t\t\t\t<\/div>\n\t\t<\/div>\n\t\t\t\t<div class=\"elementor-column elementor-col-33 elementor-inner-column elementor-element elementor-element-267a912d\" data-id=\"267a912d\" data-element_type=\"column\" data-e-type=\"column\">\n\t\t\t<div class=\"elementor-widget-wrap\">\n\t\t\t\t\t\t\t<\/div>\n\t\t<\/div>\n\t\t\t\t\t<\/div>\n\t\t<\/section>\n\t\t\t\t<section class=\"elementor-section elementor-inner-section elementor-element elementor-element-15c330c9 elementor-section-boxed elementor-section-height-default elementor-section-height-default\" data-id=\"15c330c9\" data-element_type=\"section\" data-e-type=\"section\">\n\t\t\t\t\t\t<div class=\"elementor-container elementor-column-gap-default\">\n\t\t\t\t\t<div class=\"elementor-column elementor-col-50 elementor-inner-column elementor-element elementor-element-22e1f62b\" data-id=\"22e1f62b\" data-element_type=\"column\" data-e-type=\"column\">\n\t\t\t<div class=\"elementor-widget-wrap elementor-element-populated\">\n\t\t\t\t\t\t<div class=\"elementor-element elementor-element-cf172f0 elementor-widget elementor-widget-image\" data-id=\"cf172f0\" data-element_type=\"widget\" data-e-type=\"widget\" data-widget_type=\"image.default\">\n\t\t\t\t<div class=\"elementor-widget-container\">\n\t\t\t\t\t\t\t\t\t\t\t\t<figure class=\"wp-caption\">\n\t\t\t\t\t\t\t\t\t\t<img fetchpriority=\"high\" decoding=\"async\" width=\"558\" height=\"1024\" src=\"https:\/\/bambus-mosaik.de\/wp-content\/uploads\/2020\/02\/bambusstange_b-001.1-558x1024.jpg\" class=\"attachment-large size-large wp-image-392\" alt=\"Bambus - Wulung - Bambusrohr - Bambus-Stangen - Bambus-St\u00e4be\" srcset=\"https:\/\/bambus-mosaik.de\/wp-content\/uploads\/2020\/02\/bambusstange_b-001.1-558x1024.jpg 558w, https:\/\/bambus-mosaik.de\/wp-content\/uploads\/2020\/02\/bambusstange_b-001.1-164x300.jpg 164w, https:\/\/bambus-mosaik.de\/wp-content\/uploads\/2020\/02\/bambusstange_b-001.1-768x1409.jpg 768w, https:\/\/bambus-mosaik.de\/wp-content\/uploads\/2020\/02\/bambusstange_b-001.1-837x1536.jpg 837w, https:\/\/bambus-mosaik.de\/wp-content\/uploads\/2020\/02\/bambusstange_b-001.1.jpg 872w\" sizes=\"(max-width: 558px) 100vw, 558px\" \/>\t\t\t\t\t\t\t\t\t\t\t<figcaption class=\"widget-image-caption wp-caption-text\">Bambus - Wulung - Bambusrohr - Bambus-Stangen - Bambus-St\u00e4be<\/figcaption>\n\t\t\t\t\t\t\t\t\t\t<\/figure>\n\t\t\t\t\t\t\t\t\t<\/div>\n\t\t\t\t<\/div>\n\t\t\t\t\t<\/div>\n\t\t<\/div>\n\t\t\t\t<div class=\"elementor-column elementor-col-50 elementor-inner-column elementor-element elementor-element-4308f9c9\" data-id=\"4308f9c9\" data-element_type=\"column\" data-e-type=\"column\">\n\t\t\t<div class=\"elementor-widget-wrap elementor-element-populated\">\n\t\t\t\t\t\t<div class=\"elementor-element elementor-element-fb920d0 elementor-widget elementor-widget-image\" data-id=\"fb920d0\" data-element_type=\"widget\" data-e-type=\"widget\" data-widget_type=\"image.default\">\n\t\t\t\t<div class=\"elementor-widget-container\">\n\t\t\t\t\t\t\t\t\t\t\t\t<figure class=\"wp-caption\">\n\t\t\t\t\t\t\t\t\t\t<img decoding=\"async\" width=\"558\" height=\"1024\" src=\"https:\/\/bambus-mosaik.de\/wp-content\/uploads\/2020\/02\/bambusstange_b-001-558x1024.jpg\" class=\"attachment-large size-large wp-image-384\" alt=\"Bambus - Wulung - Bambusrohr - Bambus-Stangen - Bambus-St\u00e4be\" srcset=\"https:\/\/bambus-mosaik.de\/wp-content\/uploads\/2020\/02\/bambusstange_b-001-558x1024.jpg 558w, https:\/\/bambus-mosaik.de\/wp-content\/uploads\/2020\/02\/bambusstange_b-001-164x300.jpg 164w, https:\/\/bambus-mosaik.de\/wp-content\/uploads\/2020\/02\/bambusstange_b-001-768x1409.jpg 768w, https:\/\/bambus-mosaik.de\/wp-content\/uploads\/2020\/02\/bambusstange_b-001-837x1536.jpg 837w, https:\/\/bambus-mosaik.de\/wp-content\/uploads\/2020\/02\/bambusstange_b-001.jpg 872w\" sizes=\"(max-width: 558px) 100vw, 558px\" \/>\t\t\t\t\t\t\t\t\t\t\t<figcaption class=\"widget-image-caption wp-caption-text\">Bambus - Wulung - Bambusrohr - Bambus-Stangen - Bambus-St\u00e4be<\/figcaption>\n\t\t\t\t\t\t\t\t\t\t<\/figure>\n\t\t\t\t\t\t\t\t\t<\/div>\n\t\t\t\t<\/div>\n\t\t\t\t\t<\/div>\n\t\t<\/div>\n\t\t\t\t\t<\/div>\n\t\t<\/section>\n\t\t\t\t\t<\/div>\n\t\t<\/div>\n\t\t\t\t<div class=\"elementor-column elementor-col-50 elementor-top-column elementor-element elementor-element-446bdb49\" data-id=\"446bdb49\" data-element_type=\"column\" data-e-type=\"column\">\n\t\t\t<div class=\"elementor-widget-wrap elementor-element-populated\">\n\t\t\t\t\t\t<div class=\"elementor-element elementor-element-29182363 elementor-widget elementor-widget-heading\" data-id=\"29182363\" data-element_type=\"widget\" data-e-type=\"widget\" data-widget_type=\"heading.default\">\n\t\t\t\t<div class=\"elementor-widget-container\">\n\t\t\t\t\t<h1 class=\"elementor-heading-title elementor-size-default\">Bambus Stangen B - 001<\/h1>\t\t\t\t<\/div>\n\t\t\t\t<\/div>\n\t\t\t\t<div class=\"elementor-element elementor-element-6761aaef elementor-widget elementor-widget-text-editor\" data-id=\"6761aaef\" data-element_type=\"widget\" data-e-type=\"widget\" data-widget_type=\"text-editor.default\">\n\t\t\t\t<div class=\"elementor-widget-container\">\n\t\t\t\t\t\t\t\t\t<h2>Bambus Rohre B-001<\/h2>\n<p><span style=\"font-family: verdana,geneva,sans-serif;\"><span style=\"font-size: 14px;\"><span style=\"font-family: Arial;\"><span style=\"font-family: Arial;\"><span style=\"font-family: Arial;\"><span style=\"font-family: Arial;\">In unserem Shop sind die Bambusrohre Wulung B-001 ( schwarz brauner Naturton ) ein aktuelles Produkt. ( gepr\u00fcfte Premium Qualit\u00e4t ). Der Bambus ist naturbelassen und frei von chemischen und synthetischen Stoffen. Der nat\u00fcrlich gewachsene Rohstoff weist Abweichungen in Struktur, Farbe, Musterung, Materialst\u00e4rke und Form auf. Die Abmessungen erfolgen am Fu\u00df und k\u00f6nnen je nach L\u00e4nge ein wenig tolerieren. Jedes Rohr wird am Fu\u00df gemessen und weist eine Verj\u00fcngung zum Rohrende auf. Sie k\u00f6nnen den Bambus mit \u00d6l oder Bambuslack behandeln, als Pflege, Lichtschutz und um eine gleichm\u00e4\u00dfige Farbe und Maserung zu erreichen. Die Bambusrohre Wulung sind nur sehr schwach konisch, sehr massiv, extrem robust und haben lange Nodienabst\u00e4nde.&nbsp; <\/span><\/span><\/span><\/span><\/span><\/span><\/p>\n<p><strong>Da Stein-mosaik.de ein weltweites Netz von Zulieferern aufgebaut hat und wir unsere Waren selbst importieren, k\u00f6nnen wir zudem diese g\u00fcnstigen Konditionen anbieten. <\/strong><\/p>\n<p><strong>\u2013 Fliesen Lager Verkauf Stein-mosaik.de Herne NRW \u2013<\/strong><\/p>\n<p><strong>Sie k\u00f6nnen die Bambus Mosaikfliesen im Lager Herne kaufen und abholen \u2013<\/strong><strong>&nbsp;<\/strong><span style=\"color: #ff0000;\"><strong>Verkauf, Abholung und Besichtigung: Gewerkenstr. 11, 44628 Herne, Montag \u2013 Samstag zwischen 10 \u2013 13 Uhr, Tel. 02323 944425.<\/strong><\/span><\/p>\n<p>Weiteres an Naturstein, Kieselsteinfliesen, Schiefer, Travertin, Quarzit, Limestone, Marmor, Jade, Onyx, usw. in unserem Onlineshop <strong><a href=\"http:\/\/www.stein-mosaik.de\">www.stein-mosaik.de<\/a><\/strong><\/p>\n<p><strong>Spezifikation:<\/strong><\/p>\n<table width=\"100%\">\n<colgroup>\n<col width=\"50%\" span=\"2\"> <\/colgroup>\n<tbody>\n<tr>\n<td><b>Farbintensit\u00e4t bei Impr\u00e4gnierung<\/b><\/td>\n<td>medium<\/td>\n<\/tr>\n<tr>\n<td>&nbsp;<b>Material<\/b><\/td>\n<td>&nbsp;Bambus<\/td>\n<\/tr>\n<tr>\n<td><b>Form<\/b><\/td>\n<td>Rohr<\/td>\n<\/tr>\n<tr>\n<td><b>Gr\u00f6\u00dfe<\/b><\/td>\n<td>ca. 7 &#8211; 11 cm L\u00e4nge ca. 240 cm<\/td>\n<\/tr>\n<tr>\n<td><br><\/td>\n<td><br><\/td>\n<\/tr>\n<tr>\n<td><br><\/td>\n<td><br><\/td>\n<\/tr>\n<tr>\n<td>&nbsp;<\/td>\n<td>&nbsp;<\/td>\n<\/tr>\n<tr>\n<td>&nbsp;<\/td>\n<td>&nbsp;<\/td>\n<\/tr>\n<\/tbody>\n<\/table>\t\t\t\t\t\t\t\t<\/div>\n\t\t\t\t<\/div>\n\t\t\t\t\t<\/div>\n\t\t<\/div>\n\t\t\t\t\t<\/div>\n\t\t<\/section>\n\t\t\t\t<section class=\"elementor-section elementor-top-section elementor-element elementor-element-3bf7b206 elementor-section-stretched elementor-section-full_width elementor-section-height-default elementor-section-height-default\" data-id=\"3bf7b206\" data-element_type=\"section\" data-e-type=\"section\" data-settings=\"{&quot;stretch_section&quot;:&quot;section-stretched&quot;}\">\n\t\t\t\t\t\t<div class=\"elementor-container elementor-column-gap-default\">\n\t\t\t\t\t<div class=\"elementor-column elementor-col-100 elementor-top-column elementor-element elementor-element-78331a51\" data-id=\"78331a51\" data-element_type=\"column\" data-e-type=\"column\">\n\t\t\t<div class=\"elementor-widget-wrap elementor-element-populated\">\n\t\t\t\t\t\t<div class=\"elementor-element elementor-element-593fc7a7 elementor-widget elementor-widget-text-editor\" data-id=\"593fc7a7\" data-element_type=\"widget\" data-e-type=\"widget\" data-widget_type=\"text-editor.default\">\n\t\t\t\t<div class=\"elementor-widget-container\">\n\t\t\t\t\t\t\t\t\t<p><a href=\"https:\/\/Stein-mosaik.de\" target=\"_blank\" rel=\"noopener\">Stein-mosaik.de<\/a> &#8211; Mosaikfliesen g\u00fcnstig online kaufen in Erlangen Jena Remscheid Trier Salzgitter Moers Siegen Hildesheim Cottbus G\u00fctersloh Kaiserslautern Witten Hanau Schwerin Gera Esslingen am Neckar Ludwigsburg Iserlohn D\u00fcren T\u00fcbingen Zwickau Flensburg Gie\u00dfen Ratingen L\u00fcnen Villingen-Schwenningen3 Konstanz Marl Worms Velbert Minden Dessau-Ro\u00dflau2 Neum\u00fcnster Norderstedt Delmenhorst Bamberg Viersen Marburg Wilhelmshaven Rheine Gladbeck L\u00fcneburg Troisdorf Dorsten Bayreuth Detmold Arnsberg Castrop-Rauxel L\u00fcdenscheid Landshut Brandenburg an der Havel Bocholt Aschaffenburg Celle Kempten (Allg\u00e4u) Fulda Aalen Lippstadt Dinslaken Herford Kerpen R\u00fcsselsheim am Main Weimar Plauen Sindelfingen Neuwied Dormagen Neubrandenburg Grevenbroich Rosenheim Herten Bergheim Schw\u00e4bisch Gm\u00fcnd Friedrichshafen Garbsen Wesel H\u00fcrth Offenburg Stralsund Greifswald Langenfeld (Rheinland) Neu-Ulm Unna Euskirchen Frankfurt (Oder) G\u00f6ppingen Hameln Stolberg (Rheinland) Eschweiler G\u00f6rlitz Meerbusch Sankt Augustin Hilden Waiblingen Baden-Baden Hattingen Lingen (Ems) Bad Homburg vor der H\u00f6he Langenhagen Bad Salzuflen Pulheim Schweinfurt Nordhorn Neustadt an der Weinstra\u00dfe Wetzlar Menden (Sauerland) Ahlen Frechen Passau Wolfenb\u00fcttel Ibbenb\u00fcren Kleve Bad Kreuznach Goslar Gummersbach Ravensburg Willich Speyer Emden B\u00f6blingen Peine Elmshorn Erftstadt Rastatt Heidenheim an der Brenz L\u00f6rrach Bad Mosaik Fliesen Lager-Verkauf Herne NRW<\/p>\t\t\t\t\t\t\t\t<\/div>\n\t\t\t\t<\/div>\n\t\t\t\t\t<\/div>\n\t\t<\/div>\n\t\t\t\t\t<\/div>\n\t\t<\/section>\n\t\t\t\t<\/div>\n\t\t","protected":false},"excerpt":{"rendered":"<p>bambusstangen_bambus-rohre_bambusstange Bambus &#8211; Wulung &#8211; Bambusrohr &#8211; Bambus-Stangen &#8211; Bambus-St\u00e4be Bambus &#8211; Wulung &#8211; Bambusrohr &#8211; Bambus-Stangen &#8211; Bambus-St\u00e4be Bambus Stangen B &#8211; 001 Bambus Rohre B-001 In unserem Shop sind die Bambusrohre Wulung B-001 ( schwarz brauner Naturton ) ein aktuelles Produkt. ( gepr\u00fcfte Premium Qualit\u00e4t ). Der Bambus ist naturbelassen und frei von [&hellip;]<\/p>\n","protected":false},"author":1,"featured_media":383,"parent":365,"menu_order":0,"comment_status":"closed","ping_status":"closed","template":"elementor_header_footer","meta":{"footnotes":""},"class_list":["post-381","page","type-page","status-publish","has-post-thumbnail","hentry"],"yoast_head":"<!-- This site is optimized with the Yoast SEO plugin v27.4 - https:\/\/yoast.com\/product\/yoast-seo-wordpress\/ -->\n<title>B-001 - bambus-mosaik.de<\/title>\n<meta name=\"robots\" content=\"index, follow, max-snippet:-1, max-image-preview:large, max-video-preview:-1\" \/>\n<link rel=\"canonical\" href=\"https:\/\/bambus-mosaik.de\/index.php\/bambus-rohre\/b-001\/\" \/>\n<meta property=\"og:locale\" content=\"de_DE\" \/>\n<meta property=\"og:type\" content=\"article\" \/>\n<meta property=\"og:title\" content=\"B-001 - bambus-mosaik.de\" \/>\n<meta property=\"og:description\" content=\"bambusstangen_bambus-rohre_bambusstange Bambus &#8211; Wulung &#8211; Bambusrohr &#8211; Bambus-Stangen &#8211; Bambus-St\u00e4be Bambus &#8211; Wulung &#8211; Bambusrohr &#8211; Bambus-Stangen &#8211; Bambus-St\u00e4be Bambus Stangen B &#8211; 001 Bambus Rohre B-001 In unserem Shop sind die Bambusrohre Wulung B-001 ( schwarz brauner Naturton ) ein aktuelles Produkt. ( gepr\u00fcfte Premium Qualit\u00e4t ). Der Bambus ist naturbelassen und frei von [&hellip;]\" \/>\n<meta property=\"og:url\" content=\"https:\/\/bambus-mosaik.de\/index.php\/bambus-rohre\/b-001\/\" \/>\n<meta property=\"og:site_name\" content=\"bambus-mosaik.de\" \/>\n<meta property=\"article:modified_time\" content=\"2020-02-25T07:40:03+00:00\" \/>\n<meta property=\"og:image\" content=\"https:\/\/bambus-mosaik.de\/wp-content\/uploads\/2020\/02\/bambus-25-1.jpg\" \/>\n\t<meta property=\"og:image:width\" content=\"1996\" \/>\n\t<meta property=\"og:image:height\" content=\"2000\" \/>\n\t<meta property=\"og:image:type\" content=\"image\/jpeg\" \/>\n<meta name=\"twitter:card\" content=\"summary_large_image\" \/>\n<meta name=\"twitter:label1\" content=\"Gesch\u00e4tzte Lesezeit\" \/>\n\t<meta name=\"twitter:data1\" content=\"2\u00a0Minuten\" \/>\n<script type=\"application\/ld+json\" class=\"yoast-schema-graph\">{\"@context\":\"https:\\\/\\\/schema.org\",\"@graph\":[{\"@type\":\"WebPage\",\"@id\":\"https:\\\/\\\/bambus-mosaik.de\\\/index.php\\\/bambus-rohre\\\/b-001\\\/\",\"url\":\"https:\\\/\\\/bambus-mosaik.de\\\/index.php\\\/bambus-rohre\\\/b-001\\\/\",\"name\":\"B-001 - bambus-mosaik.de\",\"isPartOf\":{\"@id\":\"https:\\\/\\\/bambus-mosaik.de\\\/#website\"},\"primaryImageOfPage\":{\"@id\":\"https:\\\/\\\/bambus-mosaik.de\\\/index.php\\\/bambus-rohre\\\/b-001\\\/#primaryimage\"},\"image\":{\"@id\":\"https:\\\/\\\/bambus-mosaik.de\\\/index.php\\\/bambus-rohre\\\/b-001\\\/#primaryimage\"},\"thumbnailUrl\":\"https:\\\/\\\/bambus-mosaik.de\\\/wp-content\\\/uploads\\\/2020\\\/02\\\/bambus-25-1.jpg\",\"datePublished\":\"2020-02-24T15:58:09+00:00\",\"dateModified\":\"2020-02-25T07:40:03+00:00\",\"breadcrumb\":{\"@id\":\"https:\\\/\\\/bambus-mosaik.de\\\/index.php\\\/bambus-rohre\\\/b-001\\\/#breadcrumb\"},\"inLanguage\":\"de\",\"potentialAction\":[{\"@type\":\"ReadAction\",\"target\":[\"https:\\\/\\\/bambus-mosaik.de\\\/index.php\\\/bambus-rohre\\\/b-001\\\/\"]}]},{\"@type\":\"ImageObject\",\"inLanguage\":\"de\",\"@id\":\"https:\\\/\\\/bambus-mosaik.de\\\/index.php\\\/bambus-rohre\\\/b-001\\\/#primaryimage\",\"url\":\"https:\\\/\\\/bambus-mosaik.de\\\/wp-content\\\/uploads\\\/2020\\\/02\\\/bambus-25-1.jpg\",\"contentUrl\":\"https:\\\/\\\/bambus-mosaik.de\\\/wp-content\\\/uploads\\\/2020\\\/02\\\/bambus-25-1.jpg\",\"width\":1996,\"height\":2000,\"caption\":\"Bambus - Wulung - Bambusrohr - Bambus-Stangen - Bambus-St\u00e4be\"},{\"@type\":\"BreadcrumbList\",\"@id\":\"https:\\\/\\\/bambus-mosaik.de\\\/index.php\\\/bambus-rohre\\\/b-001\\\/#breadcrumb\",\"itemListElement\":[{\"@type\":\"ListItem\",\"position\":1,\"name\":\"Home\",\"item\":\"https:\\\/\\\/bambus-mosaik.de\\\/\"},{\"@type\":\"ListItem\",\"position\":2,\"name\":\"Bambus-Rohre Bambus-Stangen\",\"item\":\"https:\\\/\\\/bambus-mosaik.de\\\/index.php\\\/bambus-rohre\\\/\"},{\"@type\":\"ListItem\",\"position\":3,\"name\":\"B-001\"}]},{\"@type\":\"WebSite\",\"@id\":\"https:\\\/\\\/bambus-mosaik.de\\\/#website\",\"url\":\"https:\\\/\\\/bambus-mosaik.de\\\/\",\"name\":\"bambus-mosaik.de\",\"description\":\"\",\"potentialAction\":[{\"@type\":\"SearchAction\",\"target\":{\"@type\":\"EntryPoint\",\"urlTemplate\":\"https:\\\/\\\/bambus-mosaik.de\\\/?s={search_term_string}\"},\"query-input\":{\"@type\":\"PropertyValueSpecification\",\"valueRequired\":true,\"valueName\":\"search_term_string\"}}],\"inLanguage\":\"de\"}]}<\/script>\n<!-- \/ Yoast SEO plugin. -->","yoast_head_json":{"title":"B-001 - bambus-mosaik.de","robots":{"index":"index","follow":"follow","max-snippet":"max-snippet:-1","max-image-preview":"max-image-preview:large","max-video-preview":"max-video-preview:-1"},"canonical":"https:\/\/bambus-mosaik.de\/index.php\/bambus-rohre\/b-001\/","og_locale":"de_DE","og_type":"article","og_title":"B-001 - bambus-mosaik.de","og_description":"bambusstangen_bambus-rohre_bambusstange Bambus &#8211; Wulung &#8211; Bambusrohr &#8211; Bambus-Stangen &#8211; Bambus-St\u00e4be Bambus &#8211; Wulung &#8211; Bambusrohr &#8211; Bambus-Stangen &#8211; Bambus-St\u00e4be Bambus Stangen B &#8211; 001 Bambus Rohre B-001 In unserem Shop sind die Bambusrohre Wulung B-001 ( schwarz brauner Naturton ) ein aktuelles Produkt. ( gepr\u00fcfte Premium Qualit\u00e4t ). Der Bambus ist naturbelassen und frei von [&hellip;]","og_url":"https:\/\/bambus-mosaik.de\/index.php\/bambus-rohre\/b-001\/","og_site_name":"bambus-mosaik.de","article_modified_time":"2020-02-25T07:40:03+00:00","og_image":[{"width":1996,"height":2000,"url":"https:\/\/bambus-mosaik.de\/wp-content\/uploads\/2020\/02\/bambus-25-1.jpg","type":"image\/jpeg"}],"twitter_card":"summary_large_image","twitter_misc":{"Gesch\u00e4tzte Lesezeit":"2\u00a0Minuten"},"schema":{"@context":"https:\/\/schema.org","@graph":[{"@type":"WebPage","@id":"https:\/\/bambus-mosaik.de\/index.php\/bambus-rohre\/b-001\/","url":"https:\/\/bambus-mosaik.de\/index.php\/bambus-rohre\/b-001\/","name":"B-001 - bambus-mosaik.de","isPartOf":{"@id":"https:\/\/bambus-mosaik.de\/#website"},"primaryImageOfPage":{"@id":"https:\/\/bambus-mosaik.de\/index.php\/bambus-rohre\/b-001\/#primaryimage"},"image":{"@id":"https:\/\/bambus-mosaik.de\/index.php\/bambus-rohre\/b-001\/#primaryimage"},"thumbnailUrl":"https:\/\/bambus-mosaik.de\/wp-content\/uploads\/2020\/02\/bambus-25-1.jpg","datePublished":"2020-02-24T15:58:09+00:00","dateModified":"2020-02-25T07:40:03+00:00","breadcrumb":{"@id":"https:\/\/bambus-mosaik.de\/index.php\/bambus-rohre\/b-001\/#breadcrumb"},"inLanguage":"de","potentialAction":[{"@type":"ReadAction","target":["https:\/\/bambus-mosaik.de\/index.php\/bambus-rohre\/b-001\/"]}]},{"@type":"ImageObject","inLanguage":"de","@id":"https:\/\/bambus-mosaik.de\/index.php\/bambus-rohre\/b-001\/#primaryimage","url":"https:\/\/bambus-mosaik.de\/wp-content\/uploads\/2020\/02\/bambus-25-1.jpg","contentUrl":"https:\/\/bambus-mosaik.de\/wp-content\/uploads\/2020\/02\/bambus-25-1.jpg","width":1996,"height":2000,"caption":"Bambus - Wulung - Bambusrohr - Bambus-Stangen - Bambus-St\u00e4be"},{"@type":"BreadcrumbList","@id":"https:\/\/bambus-mosaik.de\/index.php\/bambus-rohre\/b-001\/#breadcrumb","itemListElement":[{"@type":"ListItem","position":1,"name":"Home","item":"https:\/\/bambus-mosaik.de\/"},{"@type":"ListItem","position":2,"name":"Bambus-Rohre Bambus-Stangen","item":"https:\/\/bambus-mosaik.de\/index.php\/bambus-rohre\/"},{"@type":"ListItem","position":3,"name":"B-001"}]},{"@type":"WebSite","@id":"https:\/\/bambus-mosaik.de\/#website","url":"https:\/\/bambus-mosaik.de\/","name":"bambus-mosaik.de","description":"","potentialAction":[{"@type":"SearchAction","target":{"@type":"EntryPoint","urlTemplate":"https:\/\/bambus-mosaik.de\/?s={search_term_string}"},"query-input":{"@type":"PropertyValueSpecification","valueRequired":true,"valueName":"search_term_string"}}],"inLanguage":"de"}]}},"_links":{"self":[{"href":"https:\/\/bambus-mosaik.de\/index.php\/wp-json\/wp\/v2\/pages\/381","targetHints":{"allow":["GET"]}}],"collection":[{"href":"https:\/\/bambus-mosaik.de\/index.php\/wp-json\/wp\/v2\/pages"}],"about":[{"href":"https:\/\/bambus-mosaik.de\/index.php\/wp-json\/wp\/v2\/types\/page"}],"author":[{"embeddable":true,"href":"https:\/\/bambus-mosaik.de\/index.php\/wp-json\/wp\/v2\/users\/1"}],"replies":[{"embeddable":true,"href":"https:\/\/bambus-mosaik.de\/index.php\/wp-json\/wp\/v2\/comments?post=381"}],"version-history":[{"count":6,"href":"https:\/\/bambus-mosaik.de\/index.php\/wp-json\/wp\/v2\/pages\/381\/revisions"}],"predecessor-version":[{"id":393,"href":"https:\/\/bambus-mosaik.de\/index.php\/wp-json\/wp\/v2\/pages\/381\/revisions\/393"}],"up":[{"embeddable":true,"href":"https:\/\/bambus-mosaik.de\/index.php\/wp-json\/wp\/v2\/pages\/365"}],"wp:featuredmedia":[{"embeddable":true,"href":"https:\/\/bambus-mosaik.de\/index.php\/wp-json\/wp\/v2\/media\/383"}],"wp:attachment":[{"href":"https:\/\/bambus-mosaik.de\/index.php\/wp-json\/wp\/v2\/media?parent=381"}],"curies":[{"name":"wp","href":"https:\/\/api.w.org\/{rel}","templated":true}]}}